{"id":37,"date":"2025-09-25T02:55:00","date_gmt":"2025-09-25T02:55:00","guid":{"rendered":"https:\/\/carrerasdistancia.ar\/sitio\/?page_id=37"},"modified":"2026-01-12T06:15:11","modified_gmt":"2026-01-12T06:15:11","slug":"la-universidad","status":"publish","type":"page","link":"https:\/\/carrerasdistancia.ar\/sitio\/la-universidad\/","title":{"rendered":"La Universidad"},"content":{"rendered":"\t\t<div data-elementor-type=\"wp-page\" data-elementor-id=\"37\" class=\"elementor elementor-37\" data-elementor-post-type=\"page\">\n\t\t\t\t<div class=\"elementor-element elementor-element-694aee7 e-flex e-con-boxed e-con e-parent\" data-id=\"694aee7\" data-element_type=\"container\" data-e-type=\"container\">\n\t\t\t\t\t<div class=\"e-con-inner\">\n\t\t\t\t<div class=\"elementor-element elementor-element-8d8e308 elementor-widget elementor-widget-heading\" data-id=\"8d8e308\" data-element_type=\"widget\" data-e-type=\"widget\" data-widget_type=\"heading.default\">\n\t\t\t\t\t<h2 class=\"elementor-heading-title elementor-size-default\">UNIVERDIDAD FASTA\n<\/h2>\t\t\t\t<\/div>\n\t\t\t\t<div class=\"elementor-element elementor-element-74f7fc1 elementor-widget elementor-widget-image\" data-id=\"74f7fc1\" data-element_type=\"widget\" data-e-type=\"widget\" data-widget_type=\"image.default\">\n\t\t\t\t\t\t\t\t\t\t\t\t\t\t\t<img fetchpriority=\"high\" decoding=\"async\" width=\"989\" height=\"401\" src=\"https:\/\/carrerasdistancia.ar\/sitio\/wp-content\/uploads\/2025\/09\/fasta-univ.jpg\" class=\"attachment-full size-full wp-image-39\" alt=\"\" srcset=\"https:\/\/carrerasdistancia.ar\/sitio\/wp-content\/uploads\/2025\/09\/fasta-univ.jpg 989w, https:\/\/carrerasdistancia.ar\/sitio\/wp-content\/uploads\/2025\/09\/fasta-univ-300x122.jpg 300w, https:\/\/carrerasdistancia.ar\/sitio\/wp-content\/uploads\/2025\/09\/fasta-univ-768x311.jpg 768w\" sizes=\"(max-width: 989px) 100vw, 989px\" \/>\t\t\t\t\t\t\t\t\t\t\t\t\t\t\t<\/div>\n\t\t\t\t<div class=\"elementor-element elementor-element-05342a0 elementor-widget elementor-widget-text-editor\" data-id=\"05342a0\" data-element_type=\"widget\" data-e-type=\"widget\" data-widget_type=\"text-editor.default\">\n\t\t\t\t\t\t\t\t\t<p>La Universidad FASTA cuenta con m\u00e1s de 30 a\u00f1os de trayectoria en la Argentina, siendo reconocida por su calidad y excelencia acad\u00e9mica, y por su aporte al desarrollo de la educaci\u00f3n superior en todo el pa\u00eds.<\/p><p>Se destaca como instituci\u00f3n pionera en educaci\u00f3n a distancia, con su Sistema Institucional de Educaci\u00f3n a Distancia (SIED) aprobado por la CONEAU y validado por el Ministerio de Educaci\u00f3n, Cultura, Ciencia y Tecnolog\u00eda (Resoluci\u00f3n N.\u00ba 206\/19), lo que garantiza est\u00e1ndares acad\u00e9micos de calidad.<\/p><p>Posee ocho Unidades Acad\u00e9micas: las Facultades de Ciencias M\u00e9dicas, Ingenier\u00eda, Ciencias Jur\u00eddicas y Sociales, Ciencias de la Educaci\u00f3n, Ciencias Econ\u00f3micas, Periodismo y Comunicaci\u00f3n y las Escuelas de Humanidades y de la Hospitalidad, desde las cuales se dictan m\u00e1s de 35 carreras universitarias a distancia, adem\u00e1s de propuestas de cursos y programas de formaci\u00f3n profesional.<\/p><p>Actualmente, FASTA cuenta con m\u00e1s de 100 Unidades de Apoyo Acad\u00e9mico en todo el pa\u00eds y acompa\u00f1a a m\u00e1s de 25.000 estudiantes, reafirmando su compromiso con una educaci\u00f3n accesible, federal y de excelencia<\/p>\t\t\t\t\t\t\t\t<\/div>\n\t\t\t\t<div class=\"elementor-element elementor-element-0e89807 elementor-widget elementor-widget-heading\" data-id=\"0e89807\" data-element_type=\"widget\" data-e-type=\"widget\" data-widget_type=\"heading.default\">\n\t\t\t\t\t<h2 class=\"elementor-heading-title elementor-size-default\">Porqu\u00e9 estudiar a distancia en Universidad FASTA\n<\/h2>\t\t\t\t<\/div>\n\t\t\t\t<div class=\"elementor-element elementor-element-fdb5619 elementor-widget elementor-widget-text-editor\" data-id=\"fdb5619\" data-element_type=\"widget\" data-e-type=\"widget\" data-widget_type=\"text-editor.default\">\n\t\t\t\t\t\t\t\t\t<ul><li>Es pionera en educaci\u00f3n a distancia en Argentina.<\/li><li>Es reconocida por su calidad y excelencia acad\u00e9mica.<\/li><li>Atenci\u00f3n personalizada de docentes y coordinadores de Unidades de Apoyo.<\/li><li>AHORRAS TIEMPO Y DINERO, abonas inscripci\u00f3n una sola vez en toda la carrera, cuotas mes a mes (no pagas por adelantado), NO abonas derecho de examen.<\/li><\/ul>\t\t\t\t\t\t\t\t<\/div>\n\t\t\t\t<div class=\"elementor-element elementor-element-ecaeeac elementor-widget elementor-widget-button\" data-id=\"ecaeeac\" data-element_type=\"widget\" data-e-type=\"widget\" data-widget_type=\"button.default\">\n\t\t\t\t\t\t\t\t\t\t<a class=\"elementor-button elementor-button-link elementor-size-sm\" href=\"https:\/\/carrerasdistancia.ar\/sitio\/ventajas-ufasta\/\">\n\t\t\t\t\t\t<span class=\"elementor-button-content-wrapper\">\n\t\t\t\t\t\t\t\t\t<span class=\"elementor-button-text\">VENTAJAS UFASTA<\/span>\n\t\t\t\t\t<\/span>\n\t\t\t\t\t<\/a>\n\t\t\t\t\t\t\t\t<\/div>\n\t\t\t\t\t<\/div>\n\t\t\t\t<\/div>\n\t\t\t\t<\/div>\n\t\t","protected":false},"excerpt":{"rendered":"<p>UNIVERDIDAD FASTA La Universidad FASTA cuenta con m\u00e1s de 30 a\u00f1os de trayectoria en la Argentina, siendo reconocida por su [&hellip;]<\/p>\n","protected":false},"author":4,"featured_media":0,"parent":0,"menu_order":0,"comment_status":"closed","ping_status":"closed","template":"elementor_header_footer","meta":{"site-sidebar-layout":"no-sidebar","site-content-layout":"","ast-site-content-layout":"full-width-container","site-content-style":"default","site-sidebar-style":"default","ast-global-header-display":"","ast-banner-title-visibility":"","ast-main-header-display":"","ast-hfb-above-header-display":"","ast-hfb-below-header-display":"","ast-hfb-mobile-header-display":"","site-post-title":"","ast-breadcrumbs-content":"","ast-featured-img":"disabled","footer-sml-layout":"","ast-disable-related-posts":"","theme-transparent-header-meta":"","adv-header-id-meta":"","stick-header-meta":"","header-above-stick-meta":"","header-main-stick-meta":"","header-below-stick-meta":"","astra-migrate-meta-layouts":"default","ast-page-background-enabled":"default","ast-page-background-meta":{"desktop":{"background-color":"var(--ast-global-color-5)","background-image":"","background-repeat":"repeat","background-position":"center center","background-size":"auto","background-attachment":"scroll","background-type":"","background-media":"","overlay-type":"","overlay-color":"","overlay-opacity":"","overlay-gradient":""},"tablet":{"background-color":"","background-image":"","background-repeat":"repeat","background-position":"center center","background-size":"auto","background-attachment":"scroll","background-type":"","background-media":"","overlay-type":"","overlay-color":"","overlay-opacity":"","overlay-gradient":""},"mobile":{"background-color":"","background-image":"","background-repeat":"repeat","background-position":"center center","background-size":"auto","background-attachment":"scroll","background-type":"","background-media":"","overlay-type":"","overlay-color":"","overlay-opacity":"","overlay-gradient":""}},"ast-content-background-meta":{"desktop":{"background-color":"var(--ast-global-color-4)","background-image":"","background-repeat":"repeat","background-position":"center center","background-size":"auto","background-attachment":"scroll","background-type":"","background-media":"","overlay-type":"","overlay-color":"","overlay-opacity":"","overlay-gradient":""},"tablet":{"background-color":"var(--ast-global-color-4)","background-image":"","background-repeat":"repeat","background-position":"center center","background-size":"auto","background-attachment":"scroll","background-type":"","background-media":"","overlay-type":"","overlay-color":"","overlay-opacity":"","overlay-gradient":""},"mobile":{"background-color":"var(--ast-global-color-4)","background-image":"","background-repeat":"repeat","background-position":"center center","background-size":"auto","background-attachment":"scroll","background-type":"","background-media":"","overlay-type":"","overlay-color":"","overlay-opacity":"","overlay-gradient":""}},"footnotes":""},"class_list":["post-37","page","type-page","status-publish","hentry"],"_links":{"self":[{"href":"https:\/\/carrerasdistancia.ar\/sitio\/wp-json\/wp\/v2\/pages\/37","targetHints":{"allow":["GET"]}}],"collection":[{"href":"https:\/\/carrerasdistancia.ar\/sitio\/wp-json\/wp\/v2\/pages"}],"about":[{"href":"https:\/\/carrerasdistancia.ar\/sitio\/wp-json\/wp\/v2\/types\/page"}],"author":[{"embeddable":true,"href":"https:\/\/carrerasdistancia.ar\/sitio\/wp-json\/wp\/v2\/users\/4"}],"replies":[{"embeddable":true,"href":"https:\/\/carrerasdistancia.ar\/sitio\/wp-json\/wp\/v2\/comments?post=37"}],"version-history":[{"count":7,"href":"https:\/\/carrerasdistancia.ar\/sitio\/wp-json\/wp\/v2\/pages\/37\/revisions"}],"predecessor-version":[{"id":25494,"href":"https:\/\/carrerasdistancia.ar\/sitio\/wp-json\/wp\/v2\/pages\/37\/revisions\/25494"}],"wp:attachment":[{"href":"https:\/\/carrerasdistancia.ar\/sitio\/wp-json\/wp\/v2\/media?parent=37"}],"curies":[{"name":"wp","href":"https:\/\/api.w.org\/{rel}","templated":true}]}}